{"id":43,"date":"2017-10-26T14:55:18","date_gmt":"2017-10-26T14:55:18","guid":{"rendered":"http:\/\/famzogaj.ch\/?page_id=43"},"modified":"2018-01-22T13:26:41","modified_gmt":"2018-01-22T13:26:41","slug":"braut","status":"publish","type":"page","link":"https:\/\/famzogaj.ch\/index.php\/braut\/","title":{"rendered":"Braut"},"content":{"rendered":"<p><img loading=\"lazy\" decoding=\"async\" class=\"alignnone size-medium wp-image-101\" style=\"font-size: 1rem;\" src=\"https:\/\/famzogaj.ch\/wp-content\/uploads\/2018\/01\/IMG_6174-e1516614517613-300x225.jpg\" alt=\"\" width=\"300\" height=\"225\" srcset=\"https:\/\/famzogaj.ch\/wp-content\/uploads\/2018\/01\/IMG_6174-e1516614517613-300x225.jpg 300w, https:\/\/famzogaj.ch\/wp-content\/uploads\/2018\/01\/IMG_6174-e1516614517613-350x263.jpg 350w, https:\/\/famzogaj.ch\/wp-content\/uploads\/2018\/01\/IMG_6174-e1516614517613-768x576.jpg 768w, https:\/\/famzogaj.ch\/wp-content\/uploads\/2018\/01\/IMG_6174-e1516614517613-1024x768.jpg 1024w, https:\/\/famzogaj.ch\/wp-content\/uploads\/2018\/01\/IMG_6174-e1516614517613.jpg 1280w\" sizes=\"auto, (max-width: 300px) 100vw, 300px\" \/><\/p>\n<h2 class=\"semi mb-xs ml-xs pull-left\"><img loading=\"lazy\" decoding=\"async\" class=\"pull-left ml-xs mr-s mt-xs\" style=\"font-size: 1rem;\" src=\"http:\/\/www.sternenschein.de\/images\/krebs.svg\" alt=\"Sternzeichen Krebs\" width=\"41\" height=\"41\" \/>Krebs 27. Juni 1989<\/h2>\n<p>Wie ist die Braut?<br \/>\nDie Sternzeichen verraten es euch.<\/p>\n<p><b>Eigenschaften:<\/b><br \/>\nDer Krebs ist ein gef\u00fchlvolles Wesen, der fr\u00f6hlich aber auch eigenbr\u00f6tlerisch sein kann. Gutm\u00fctig und hilfsbereit zeichnen sein Wesen aus. Liebevoll widmen sie sich der Familie und den Freunden. Sie halten auch an schwierigen Beziehungen fest, die andere l\u00e4ngst aufgegeben h\u00e4tten. Sie sind gute Zuh\u00f6rer, lachen gerne und versuchen sich in den Mitmenschen hinein zu f\u00fchlen. Im richtigen Beruf vermag der Krebs viel zu leisten.<\/p>\n<p>&nbsp;<\/p>\n<p><img loading=\"lazy\" decoding=\"async\" class=\"size-medium wp-image-106 alignleft\" src=\"https:\/\/famzogaj.ch\/wp-content\/uploads\/2018\/01\/DSC01854-e1516614780287-225x300.jpg\" alt=\"\" width=\"225\" height=\"300\" srcset=\"https:\/\/famzogaj.ch\/wp-content\/uploads\/2018\/01\/DSC01854-e1516614780287-225x300.jpg 225w, https:\/\/famzogaj.ch\/wp-content\/uploads\/2018\/01\/DSC01854-e1516614780287-350x467.jpg 350w, https:\/\/famzogaj.ch\/wp-content\/uploads\/2018\/01\/DSC01854-e1516614780287-768x1024.jpg 768w\" sizes=\"auto, (max-width: 225px) 100vw, 225px\" \/><\/p>\n<p><img loading=\"lazy\" decoding=\"async\" class=\"size-medium wp-image-105 alignleft\" src=\"https:\/\/famzogaj.ch\/wp-content\/uploads\/2018\/01\/DSC01856-e1516614792281-225x300.jpg\" alt=\"\" width=\"225\" height=\"300\" srcset=\"https:\/\/famzogaj.ch\/wp-content\/uploads\/2018\/01\/DSC01856-e1516614792281-225x300.jpg 225w, https:\/\/famzogaj.ch\/wp-content\/uploads\/2018\/01\/DSC01856-e1516614792281-350x467.jpg 350w, https:\/\/famzogaj.ch\/wp-content\/uploads\/2018\/01\/DSC01856-e1516614792281-768x1024.jpg 768w\" sizes=\"auto, (max-width: 225px) 100vw, 225px\" \/><\/p>\n<p>&nbsp;<\/p>\n<p>&nbsp;<\/p>\n<p>&nbsp;<\/p>\n","protected":false},"excerpt":{"rendered":"<p>Krebs 27. Juni 1989 Wie ist die Braut? Die Sternzeichen verraten es euch. Eigenschaften: Der Krebs ist ein gef\u00fchlvolles Wesen, der fr\u00f6hlich aber auch eigenbr\u00f6tlerisch sein kann. Gutm\u00fctig und hilfsbereit zeichnen sein Wesen aus. Liebevoll widmen sie sich der Familie und den Freunden. Sie halten auch an schwierigen Beziehungen fest, die andere l\u00e4ngst aufgegeben h\u00e4tten. &hellip; <\/p>\n<p class=\"link-more\"><a href=\"https:\/\/famzogaj.ch\/index.php\/braut\/\" class=\"more-link\"><span class=\"screen-reader-text\">\u201eBraut\u201c<\/span> weiterlesen<\/a><\/p>\n","protected":false},"author":1,"featured_media":0,"parent":0,"menu_order":0,"comment_status":"closed","ping_status":"closed","template":"","meta":{"spay_email":"","footnotes":""},"class_list":["post-43","page","type-page","status-publish","hentry"],"_links":{"self":[{"href":"https:\/\/famzogaj.ch\/index.php\/wp-json\/wp\/v2\/pages\/43","targetHints":{"allow":["GET"]}}],"collection":[{"href":"https:\/\/famzogaj.ch\/index.php\/wp-json\/wp\/v2\/pages"}],"about":[{"href":"https:\/\/famzogaj.ch\/index.php\/wp-json\/wp\/v2\/types\/page"}],"author":[{"embeddable":true,"href":"https:\/\/famzogaj.ch\/index.php\/wp-json\/wp\/v2\/users\/1"}],"replies":[{"embeddable":true,"href":"https:\/\/famzogaj.ch\/index.php\/wp-json\/wp\/v2\/comments?post=43"}],"version-history":[{"count":12,"href":"https:\/\/famzogaj.ch\/index.php\/wp-json\/wp\/v2\/pages\/43\/revisions"}],"predecessor-version":[{"id":191,"href":"https:\/\/famzogaj.ch\/index.php\/wp-json\/wp\/v2\/pages\/43\/revisions\/191"}],"wp:attachment":[{"href":"https:\/\/famzogaj.ch\/index.php\/wp-json\/wp\/v2\/media?parent=43"}],"curies":[{"name":"wp","href":"https:\/\/api.w.org\/{rel}","templated":true}]}}