{"id":44,"date":"2017-10-26T14:55:18","date_gmt":"2017-10-26T14:55:18","guid":{"rendered":"http:\/\/famzogaj.ch\/?page_id=44"},"modified":"2018-01-23T08:52:21","modified_gmt":"2018-01-23T08:52:21","slug":"braeutigam","status":"publish","type":"page","link":"https:\/\/famzogaj.ch\/index.php\/braeutigam\/","title":{"rendered":"Br\u00e4utigam"},"content":{"rendered":"<p><img loading=\"lazy\" decoding=\"async\" class=\"size-medium wp-image-112 alignleft\" src=\"https:\/\/famzogaj.ch\/wp-content\/uploads\/2018\/01\/DSC00785-300x225.jpg\" alt=\"\" width=\"300\" height=\"225\" \/><\/p>\n<h2 class=\"semi mb-xs ml-xs pull-left\"><img decoding=\"async\" class=\"pull-left ml-xs mr-s\" src=\"http:\/\/www.sternenschein.de\/images\/wassermann.svg\" alt=\"Sternzeichen Wassermann\" height=\"32\" \/>Wassermann 29. Januar 1980<\/h2>\n<p>Wie ist der Br\u00e4utigam?<br \/>\nDie Sternzeichen verraten es euch.<\/p>\n<p><b>Eigenschaften:<\/b><br \/>\nUnabh\u00e4ngigkeit, freiheitsliebend und menschenfreundlich. Am gl\u00fccklichsten f\u00fchlen sich gesellige Wasserm\u00e4nner in Gruppen. Sie helfen gern sozial schwachen Menschen und der Wassermann-Mensch hat noch Grunds\u00e4tze und Verst\u00e4ndnis f\u00fcr jeden. Sie sind aufgeschlossen gegen\u00fcber allem Neuen. Partnern und Freunden gegen\u00fcber sind sie loyal. Wasserm\u00e4nner trifft man h\u00e4ufig in freien Berufen, wo sie Ihre Ideen am ehesten ihre Ideen und Pl\u00e4ne verwirklichen k\u00f6nnen. Ein festes Korsett, welches den Wassermann einengt, m\u00f6gen Sie \u00fcberhaupt nicht.<\/p>\n<p>&nbsp;<\/p>\n<p><img loading=\"lazy\" decoding=\"async\" class=\"size-medium wp-image-109 alignleft\" style=\"font-size: 1rem;\" src=\"https:\/\/famzogaj.ch\/wp-content\/uploads\/2018\/01\/DSC01634-300x225.jpg\" alt=\"\" width=\"300\" height=\"225\" srcset=\"https:\/\/famzogaj.ch\/wp-content\/uploads\/2018\/01\/DSC01634-300x225.jpg 300w, https:\/\/famzogaj.ch\/wp-content\/uploads\/2018\/01\/DSC01634-350x263.jpg 350w, https:\/\/famzogaj.ch\/wp-content\/uploads\/2018\/01\/DSC01634-768x576.jpg 768w, https:\/\/famzogaj.ch\/wp-content\/uploads\/2018\/01\/DSC01634-1024x768.jpg 1024w\" sizes=\"auto, (max-width: 300px) 100vw, 300px\" \/><span style=\"font-size: 1rem;\">\u00a0<img loading=\"lazy\" decoding=\"async\" class=\"alignnone wp-image-111\" src=\"https:\/\/famzogaj.ch\/wp-content\/uploads\/2018\/01\/DSC01907-300x225.jpg\" alt=\"\" width=\"279\" height=\"209\" srcset=\"https:\/\/famzogaj.ch\/wp-content\/uploads\/2018\/01\/DSC01907-300x225.jpg 300w, https:\/\/famzogaj.ch\/wp-content\/uploads\/2018\/01\/DSC01907-350x263.jpg 350w, https:\/\/famzogaj.ch\/wp-content\/uploads\/2018\/01\/DSC01907-768x576.jpg 768w, https:\/\/famzogaj.ch\/wp-content\/uploads\/2018\/01\/DSC01907-1024x768.jpg 1024w\" sizes=\"auto, (max-width: 279px) 100vw, 279px\" \/><\/span><\/p>\n<p><img loading=\"lazy\" decoding=\"async\" class=\"size-medium wp-image-116 alignleft\" style=\"font-size: 1rem;\" src=\"https:\/\/famzogaj.ch\/wp-content\/uploads\/2018\/01\/DSC00981-300x225.jpg\" alt=\"\" width=\"300\" height=\"225\" srcset=\"https:\/\/famzogaj.ch\/wp-content\/uploads\/2018\/01\/DSC00981-300x225.jpg 300w, https:\/\/famzogaj.ch\/wp-content\/uploads\/2018\/01\/DSC00981-350x263.jpg 350w, https:\/\/famzogaj.ch\/wp-content\/uploads\/2018\/01\/DSC00981-768x576.jpg 768w, https:\/\/famzogaj.ch\/wp-content\/uploads\/2018\/01\/DSC00981-1024x768.jpg 1024w\" sizes=\"auto, (max-width: 300px) 100vw, 300px\" \/><\/p>\n<p><img loading=\"lazy\" decoding=\"async\" class=\"size-medium wp-image-78 alignleft\" src=\"https:\/\/famzogaj.ch\/wp-content\/uploads\/2017\/10\/Foto_0054__DSC5270-200x300.jpg\" alt=\"\" width=\"200\" height=\"300\" srcset=\"https:\/\/famzogaj.ch\/wp-content\/uploads\/2017\/10\/Foto_0054__DSC5270-200x300.jpg 200w, https:\/\/famzogaj.ch\/wp-content\/uploads\/2017\/10\/Foto_0054__DSC5270-350x524.jpg 350w, https:\/\/famzogaj.ch\/wp-content\/uploads\/2017\/10\/Foto_0054__DSC5270-768x1150.jpg 768w, https:\/\/famzogaj.ch\/wp-content\/uploads\/2017\/10\/Foto_0054__DSC5270-684x1024.jpg 684w\" sizes=\"auto, (max-width: 200px) 100vw, 200px\" \/><\/p>\n","protected":false},"excerpt":{"rendered":"<p>Wassermann 29. Januar 1980 Wie ist der Br\u00e4utigam? Die Sternzeichen verraten es euch. Eigenschaften: Unabh\u00e4ngigkeit, freiheitsliebend und menschenfreundlich. Am gl\u00fccklichsten f\u00fchlen sich gesellige Wasserm\u00e4nner in Gruppen. Sie helfen gern sozial schwachen Menschen und der Wassermann-Mensch hat noch Grunds\u00e4tze und Verst\u00e4ndnis f\u00fcr jeden. Sie sind aufgeschlossen gegen\u00fcber allem Neuen. Partnern und Freunden gegen\u00fcber sind sie loyal. &hellip; <\/p>\n<p class=\"link-more\"><a href=\"https:\/\/famzogaj.ch\/index.php\/braeutigam\/\" class=\"more-link\"><span class=\"screen-reader-text\">\u201eBr\u00e4utigam\u201c<\/span> weiterlesen<\/a><\/p>\n","protected":false},"author":1,"featured_media":0,"parent":0,"menu_order":0,"comment_status":"closed","ping_status":"closed","template":"","meta":{"spay_email":"","footnotes":""},"class_list":["post-44","page","type-page","status-publish","hentry"],"_links":{"self":[{"href":"https:\/\/famzogaj.ch\/index.php\/wp-json\/wp\/v2\/pages\/44","targetHints":{"allow":["GET"]}}],"collection":[{"href":"https:\/\/famzogaj.ch\/index.php\/wp-json\/wp\/v2\/pages"}],"about":[{"href":"https:\/\/famzogaj.ch\/index.php\/wp-json\/wp\/v2\/types\/page"}],"author":[{"embeddable":true,"href":"https:\/\/famzogaj.ch\/index.php\/wp-json\/wp\/v2\/users\/1"}],"replies":[{"embeddable":true,"href":"https:\/\/famzogaj.ch\/index.php\/wp-json\/wp\/v2\/comments?post=44"}],"version-history":[{"count":7,"href":"https:\/\/famzogaj.ch\/index.php\/wp-json\/wp\/v2\/pages\/44\/revisions"}],"predecessor-version":[{"id":204,"href":"https:\/\/famzogaj.ch\/index.php\/wp-json\/wp\/v2\/pages\/44\/revisions\/204"}],"wp:attachment":[{"href":"https:\/\/famzogaj.ch\/index.php\/wp-json\/wp\/v2\/media?parent=44"}],"curies":[{"name":"wp","href":"https:\/\/api.w.org\/{rel}","templated":true}]}}