{"id":46,"date":"2017-10-26T14:55:18","date_gmt":"2017-10-26T14:55:18","guid":{"rendered":"http:\/\/famzogaj.ch\/?page_id=46"},"modified":"2018-01-26T08:24:10","modified_gmt":"2018-01-26T08:24:10","slug":"wir","status":"publish","type":"page","link":"https:\/\/famzogaj.ch\/index.php\/wir\/","title":{"rendered":"\u00dcber uns"},"content":{"rendered":"<p style=\"text-align: left;\">Viele Fragen sich wohl, wie wir uns kennen lernten.<\/p>\n<p style=\"text-align: left;\">Kurzfassung ist, dass Selmon seine Traumfrau als neue Mitarbeiterin begr\u00fcsste. Sie anfangs dachte, er heisse Simon, was ja nicht ganz so stimmte. Da Selmon nicht locker lies, hat auch Sie mal gecheckt, dass er Selmon heisst. Nach ausreichendem Nachschauen am Arbeitsplatz hat er sein Gleichgewicht verloren und flog kurzerhand vom Stuhl, was rieses Gel\u00e4chter ausl\u00f6ste beim Nachbarn. So nahm alles seinen Lauf aber Ariane liess sich erst 1.5 Monate sp\u00e4ter bei einem Firmenausflug nach Arosa von Selmon k\u00fcssen. Von da an sind sie unzertrennlich und ein Herz und eine Seele. Beste Freunde und im siebten Himmel.<\/p>\n<p>&nbsp;<\/p>\n<p style=\"text-align: left;\">\u00a0 \u00a0 \u00a0 \u00a0 \u00a0 \u00a0 \u00a0 \u00a0 \u00a0 \u00a0 \u00a0 \u00a0 \u00a0 \u00a0 \u00a0 \u00a0 \u00a0 \u00a0 \u00a0 \u00a0 \u00a0 \u00a0 \u00a0\u00a0<img loading=\"lazy\" decoding=\"async\" class=\"wp-image-115 alignnone\" src=\"https:\/\/famzogaj.ch\/wp-content\/uploads\/2018\/01\/DSC00976-300x225.jpg\" alt=\"\" width=\"332\" height=\"249\" srcset=\"https:\/\/famzogaj.ch\/wp-content\/uploads\/2018\/01\/DSC00976-300x225.jpg 300w, https:\/\/famzogaj.ch\/wp-content\/uploads\/2018\/01\/DSC00976-350x263.jpg 350w, https:\/\/famzogaj.ch\/wp-content\/uploads\/2018\/01\/DSC00976-768x576.jpg 768w, https:\/\/famzogaj.ch\/wp-content\/uploads\/2018\/01\/DSC00976-1024x768.jpg 1024w\" sizes=\"auto, (max-width: 332px) 100vw, 332px\" \/><\/p>\n<p style=\"text-align: left;\"><span style=\"font-size: 1rem;\">\u00a0 \u00a0 \u00a0 \u00a0 \u00a0 \u00a0 \u00a0 \u00a0 \u00a0 \u00a0 \u00a0 \u00a0 \u00a0 \u00a0 \u00a0 \u00a0 \u00a0 \u00a0 \u00a0 \u00a0 \u00a0 \u00a0 \u00a0 \u00a0 \u00a0 \u00a0 \u00a0 \u00a0 \u00a0 \u00a0 \u00a0 \u00a0 \u00a0 \u00a0 \u00a0Wir lieben Kanada<\/span><\/p>\n<p><img loading=\"lazy\" decoding=\"async\" class=\"wp-image-103 alignleft\" src=\"https:\/\/famzogaj.ch\/wp-content\/uploads\/2018\/01\/DSC01806-300x225.jpg\" alt=\"\" width=\"292\" height=\"219\" srcset=\"https:\/\/famzogaj.ch\/wp-content\/uploads\/2018\/01\/DSC01806-300x225.jpg 300w, https:\/\/famzogaj.ch\/wp-content\/uploads\/2018\/01\/DSC01806-350x263.jpg 350w, https:\/\/famzogaj.ch\/wp-content\/uploads\/2018\/01\/DSC01806-768x576.jpg 768w, https:\/\/famzogaj.ch\/wp-content\/uploads\/2018\/01\/DSC01806-1024x768.jpg 1024w\" sizes=\"auto, (max-width: 292px) 100vw, 292px\" \/><img loading=\"lazy\" decoding=\"async\" class=\"wp-image-121 alignleft\" style=\"font-size: 1rem;\" src=\"https:\/\/famzogaj.ch\/wp-content\/uploads\/2018\/01\/DSC01260-300x225.jpg\" alt=\"\" width=\"292\" height=\"219\" srcset=\"https:\/\/famzogaj.ch\/wp-content\/uploads\/2018\/01\/DSC01260-300x225.jpg 300w, https:\/\/famzogaj.ch\/wp-content\/uploads\/2018\/01\/DSC01260-350x263.jpg 350w, https:\/\/famzogaj.ch\/wp-content\/uploads\/2018\/01\/DSC01260-768x576.jpg 768w, https:\/\/famzogaj.ch\/wp-content\/uploads\/2018\/01\/DSC01260-1024x768.jpg 1024w\" sizes=\"auto, (max-width: 292px) 100vw, 292px\" \/><\/p>\n<p>&nbsp;<\/p>\n<p>&nbsp;<\/p>\n<p>&nbsp;<\/p>\n<p>&nbsp;<\/p>\n<p>&nbsp;<\/p>\n<p>&nbsp;<\/p>\n<p style=\"text-align: left;\"><img loading=\"lazy\" decoding=\"async\" class=\"alignnone wp-image-79\" style=\"font-size: 1rem;\" src=\"https:\/\/famzogaj.ch\/wp-content\/uploads\/2017\/10\/Foto_0028__DSC5236-300x200.jpg\" alt=\"\" width=\"356\" height=\"237\" srcset=\"https:\/\/famzogaj.ch\/wp-content\/uploads\/2017\/10\/Foto_0028__DSC5236-300x200.jpg 300w, https:\/\/famzogaj.ch\/wp-content\/uploads\/2017\/10\/Foto_0028__DSC5236-350x234.jpg 350w, https:\/\/famzogaj.ch\/wp-content\/uploads\/2017\/10\/Foto_0028__DSC5236-768x513.jpg 768w, https:\/\/famzogaj.ch\/wp-content\/uploads\/2017\/10\/Foto_0028__DSC5236-1024x684.jpg 1024w\" sizes=\"auto, (max-width: 356px) 100vw, 356px\" \/>\u00a0 \u00a0\u00a0<img loading=\"lazy\" decoding=\"async\" class=\"alignnone size-medium wp-image-74\" style=\"font-size: 1rem;\" src=\"https:\/\/famzogaj.ch\/wp-content\/uploads\/2017\/10\/Foto_0013__DSC5219-200x300.jpg\" alt=\"\" width=\"200\" height=\"300\" srcset=\"https:\/\/famzogaj.ch\/wp-content\/uploads\/2017\/10\/Foto_0013__DSC5219-200x300.jpg 200w, https:\/\/famzogaj.ch\/wp-content\/uploads\/2017\/10\/Foto_0013__DSC5219-350x524.jpg 350w, https:\/\/famzogaj.ch\/wp-content\/uploads\/2017\/10\/Foto_0013__DSC5219-768x1150.jpg 768w, https:\/\/famzogaj.ch\/wp-content\/uploads\/2017\/10\/Foto_0013__DSC5219-684x1024.jpg 684w\" sizes=\"auto, (max-width: 200px) 100vw, 200px\" \/><\/p>\n<p style=\"text-align: left;\">\u00a0 \u00a0 \u00a0 \u00a0 \u00a0 \u00a0 \u00a0 \u00a0 \u00a0 \u00a0 \u00a0 \u00a0 \u00a0 \u00a0 \u00a0 \u00a0 \u00a0 \u00a0 \u00a0 \u00a0 \u00a0 \u00a0Was sich liebt, das neckt sich!<\/p>\n<p><img loading=\"lazy\" decoding=\"async\" class=\"size-medium wp-image-73 alignleft\" style=\"font-size: 1rem;\" src=\"https:\/\/famzogaj.ch\/wp-content\/uploads\/2017\/10\/Foto_0008__DSC5214-200x300.jpg\" alt=\"\" width=\"200\" height=\"300\" srcset=\"https:\/\/famzogaj.ch\/wp-content\/uploads\/2017\/10\/Foto_0008__DSC5214-200x300.jpg 200w, https:\/\/famzogaj.ch\/wp-content\/uploads\/2017\/10\/Foto_0008__DSC5214-350x524.jpg 350w, https:\/\/famzogaj.ch\/wp-content\/uploads\/2017\/10\/Foto_0008__DSC5214-768x1150.jpg 768w, https:\/\/famzogaj.ch\/wp-content\/uploads\/2017\/10\/Foto_0008__DSC5214-684x1024.jpg 684w\" sizes=\"auto, (max-width: 200px) 100vw, 200px\" \/><img loading=\"lazy\" decoding=\"async\" class=\" wp-image-75 alignleft\" src=\"https:\/\/famzogaj.ch\/wp-content\/uploads\/2017\/10\/Foto_0022__DSC5229-300x200.jpg\" alt=\"\" width=\"395\" height=\"263\" srcset=\"https:\/\/famzogaj.ch\/wp-content\/uploads\/2017\/10\/Foto_0022__DSC5229-300x200.jpg 300w, https:\/\/famzogaj.ch\/wp-content\/uploads\/2017\/10\/Foto_0022__DSC5229-350x234.jpg 350w, https:\/\/famzogaj.ch\/wp-content\/uploads\/2017\/10\/Foto_0022__DSC5229-768x513.jpg 768w, https:\/\/famzogaj.ch\/wp-content\/uploads\/2017\/10\/Foto_0022__DSC5229-1024x684.jpg 1024w\" sizes=\"auto, (max-width: 395px) 100vw, 395px\" \/><\/p>\n<p style=\"text-align: left;\">\u00a0\u00a0<span style=\"font-size: 1rem;\">\u00a0<\/span><\/p>\n","protected":false},"excerpt":{"rendered":"<p>Viele Fragen sich wohl, wie wir uns kennen lernten. Kurzfassung ist, dass Selmon seine Traumfrau als neue Mitarbeiterin begr\u00fcsste. Sie anfangs dachte, er heisse Simon, was ja nicht ganz so stimmte. Da Selmon nicht locker lies, hat auch Sie mal gecheckt, dass er Selmon heisst. Nach ausreichendem Nachschauen am Arbeitsplatz hat er sein Gleichgewicht verloren &hellip; <\/p>\n<p class=\"link-more\"><a href=\"https:\/\/famzogaj.ch\/index.php\/wir\/\" class=\"more-link\"><span class=\"screen-reader-text\">\u201e\u00dcber uns\u201c<\/span> weiterlesen<\/a><\/p>\n","protected":false},"author":1,"featured_media":0,"parent":0,"menu_order":0,"comment_status":"closed","ping_status":"closed","template":"","meta":{"spay_email":"","footnotes":""},"class_list":["post-46","page","type-page","status-publish","hentry"],"_links":{"self":[{"href":"https:\/\/famzogaj.ch\/index.php\/wp-json\/wp\/v2\/pages\/46","targetHints":{"allow":["GET"]}}],"collection":[{"href":"https:\/\/famzogaj.ch\/index.php\/wp-json\/wp\/v2\/pages"}],"about":[{"href":"https:\/\/famzogaj.ch\/index.php\/wp-json\/wp\/v2\/types\/page"}],"author":[{"embeddable":true,"href":"https:\/\/famzogaj.ch\/index.php\/wp-json\/wp\/v2\/users\/1"}],"replies":[{"embeddable":true,"href":"https:\/\/famzogaj.ch\/index.php\/wp-json\/wp\/v2\/comments?post=46"}],"version-history":[{"count":36,"href":"https:\/\/famzogaj.ch\/index.php\/wp-json\/wp\/v2\/pages\/46\/revisions"}],"predecessor-version":[{"id":238,"href":"https:\/\/famzogaj.ch\/index.php\/wp-json\/wp\/v2\/pages\/46\/revisions\/238"}],"wp:attachment":[{"href":"https:\/\/famzogaj.ch\/index.php\/wp-json\/wp\/v2\/media?parent=46"}],"curies":[{"name":"wp","href":"https:\/\/api.w.org\/{rel}","templated":true}]}}